{"id":988,"date":"2022-03-17T08:40:06","date_gmt":"2022-03-17T06:40:06","guid":{"rendered":"https:\/\/www.praxis-kirchfeld.de\/?page_id=988"},"modified":"2026-04-07T12:28:21","modified_gmt":"2026-04-07T10:28:21","slug":"rechtsregulat","status":"publish","type":"page","link":"https:\/\/www.praxis-kirchfeld.de\/?page_id=988","title":{"rendered":"Rechtsregulat"},"content":{"rendered":"\n<p>Rechtsregulat ist ein kaskadenfermentiertes Enzymprodukt was haupts\u00e4chlich zur St\u00e4rkung des k\u00f6rpereigenen Immunsystems entwickelt wurde. Mittlerweile wird es vielf\u00e4ltig eingesetzt. Bei mir in der Praxis vor allem bei:<\/p>\n\n\n\n<p>&#8211; Allergien<\/p>\n\n\n\n<p>&#8211; Hautproblemen <\/p>\n\n\n\n<p>&#8211; Soor bei Kindern, besonders S\u00e4uglingen<\/p>\n\n\n\n<p>&#8211; St\u00e4rkung und Regulierung des Mikrobioms <\/p>\n\n\n\n<p>&#8211; Energiehaushalt st\u00e4rken<\/p>\n\n\n\n<p>&#8211; Verdauungsproblemen<\/p>\n\n\n\n<p>&#8211; Ausscheidung f\u00f6rdern und Leberst\u00e4rkung<\/p>\n\n\n\n<p>u.v.m.<\/p>\n\n\n\n<p>Die Produkte sind bei mir erh\u00e4ltlich, eine Flasche kostet 42,00 \u20ac<\/p>\n\n\n\n<p><a href=\"https:\/\/www.regulat.com\/\">https:\/\/www.regulat.com\/<\/a><\/p>\n\n\n\n<p>Weiter Infos bekommt ihr in einem Beratungsgespr\u00e4ch oder ihr holt euch eine Infobrosch\u00fcre ab. Auf der Homepage des Herstellers gibt es auch Interessantes zu lesen.<\/p>\n\n\n\n<p><\/p>\n\n\n\n<p><\/p>\n","protected":false},"excerpt":{"rendered":"<p>Rechtsregulat ist ein kaskadenfermentiertes Enzymprodukt was haupts\u00e4chlich zur St\u00e4rkung des k\u00f6rpereigenen Immunsystems entwickelt wurde. Mittlerweile wird es vielf\u00e4ltig eingesetzt. Bei mir in der Praxis vor allem bei: &#8211; Allergien &#8211; Hautproblemen &#8211; Soor bei Kindern, besonders S\u00e4uglingen &#8211; St\u00e4rkung und Regulierung des Mikrobioms &#8211; Energiehaushalt st\u00e4rken &#8211; Verdauungsproblemen &#8211; Ausscheidung f\u00f6rdern und Leberst\u00e4rkung u.v.m. Die [&hellip;]<\/p>\n","protected":false},"author":1,"featured_media":0,"parent":0,"menu_order":0,"comment_status":"closed","ping_status":"closed","template":"","meta":{"footnotes":""},"class_list":["post-988","page","type-page","status-publish","hentry"],"_links":{"self":[{"href":"https:\/\/www.praxis-kirchfeld.de\/index.php?rest_route=\/wp\/v2\/pages\/988","targetHints":{"allow":["GET"]}}],"collection":[{"href":"https:\/\/www.praxis-kirchfeld.de\/index.php?rest_route=\/wp\/v2\/pages"}],"about":[{"href":"https:\/\/www.praxis-kirchfeld.de\/index.php?rest_route=\/wp\/v2\/types\/page"}],"author":[{"embeddable":true,"href":"https:\/\/www.praxis-kirchfeld.de\/index.php?rest_route=\/wp\/v2\/users\/1"}],"replies":[{"embeddable":true,"href":"https:\/\/www.praxis-kirchfeld.de\/index.php?rest_route=%2Fwp%2Fv2%2Fcomments&post=988"}],"version-history":[{"count":11,"href":"https:\/\/www.praxis-kirchfeld.de\/index.php?rest_route=\/wp\/v2\/pages\/988\/revisions"}],"predecessor-version":[{"id":1588,"href":"https:\/\/www.praxis-kirchfeld.de\/index.php?rest_route=\/wp\/v2\/pages\/988\/revisions\/1588"}],"wp:attachment":[{"href":"https:\/\/www.praxis-kirchfeld.de\/index.php?rest_route=%2Fwp%2Fv2%2Fmedia&parent=988"}],"curies":[{"name":"wp","href":"https:\/\/api.w.org\/{rel}","templated":true}]}}