{"id":505,"date":"2017-10-26T10:17:15","date_gmt":"2017-10-26T08:17:15","guid":{"rendered":"http:\/\/www.praxis-kirchfeld.de\/?page_id=505"},"modified":"2020-07-01T17:46:25","modified_gmt":"2020-07-01T15:46:25","slug":"datenschutz","status":"publish","type":"page","link":"https:\/\/www.praxis-kirchfeld.de\/?page_id=505","title":{"rendered":"Datenschutz"},"content":{"rendered":"\n<p>Bitte gerne schon ausdrucken und mitbringen:<\/p>\n\n\n\n<div class=\"wp-block-file\"><a href=\"http:\/\/www.praxis-kirchfeld.de\/wp-content\/uploads\/2020\/07\/DSGVO-Praxis.pdf\">DSGVO-Praxis<\/a><a href=\"http:\/\/www.praxis-kirchfeld.de\/wp-content\/uploads\/2020\/07\/DSGVO-Praxis.pdf\" class=\"wp-block-file__button\" download>Herunterladen<\/a><\/div>\n\n\n<p><\/p>\n<p><strong><span style=\"color: #08788e;\">Allgemeine Datenschutzerkl\u00e4rung<\/span><br><\/strong><\/p>\n<p>Der Schutz Ihrer personenbezogenen Daten ist f\u00fcr mich sehr wichtig. Nach der DSGVO (EU-Datenschutz-Grundverordnung) bin ich verpflichtet, Sie dar\u00fcber zu informieren, zu welchem Zweck ich Daten erhebe, speicher, weiterleite oder sonst verarbeite. Der vorliegenden Information k\u00f6nnen Sie auch entnehmen, welche Rechte Sie im Bezug auf den Datenschutz haben.<\/p>\n<p align=\"JUSTIFY\">Verantwortliche Person f\u00fcr die Datenverarbeitung ist:<\/p>\n<p align=\"JUSTIFY\">Iris Kirchfeld<\/p>\n<p align=\"JUSTIFY\">Einen Datenschutzbeauftragten gibt es bei mir nicht, da ich gesetzlich nicht verpflichtet bin einen solchen f\u00f6rmlich zu benennen.<\/p>\n<p align=\"JUSTIFY\">Hierzu verarbeite ich Ihre personenbezogenen Daten, welche Sie mir bei Zustandekommen des Arbeitsverh\u00e4ltnisses mitgeteilt haben. Es handelt sich insbesondere um folgende Daten:<\/p>\n<ul>\n<li>\n<p align=\"JUSTIFY\">Name\/Vorname<\/p>\n<\/li>\n<li>\n<p align=\"JUSTIFY\">Geburtsdatum<\/p>\n<\/li>\n<li>\n<p align=\"JUSTIFY\">Anschrift<\/p>\n<\/li>\n<li>\n<p align=\"JUSTIFY\">E-Mail-Adresse<\/p>\n<\/li>\n<li>\n<p align=\"JUSTIFY\">Telefonische Kontaktdaten<\/p>\n<\/li>\n<\/ul>\n<p align=\"JUSTIFY\">Ich \u00fcbermittel Ihre personenbezogenen Daten nur dann an Dritte, wenn dies gesetzlich erlaubt ist oder wenn Sie hierzu Ihre Einwilligung erteilt haben.<\/p>\n<p align=\"JUSTIFY\">Empf\u00e4nger Ihrer personenbezogenen Daten k\u00f6nnen insbesondere sein:<\/p>\n<ul>\n<li>\n<p align=\"JUSTIFY\">IT-Dienstleister, welche mit der Wartung der IT-Infrastruktur betraut sind<\/p>\n<\/li>\n<li>\n<p align=\"JUSTIFY\">Steuerberater, welche mit der Buchhaltung betraut sind<\/p>\n<\/li>\n<\/ul>\n<p align=\"JUSTIFY\">Die \u00dcbermittlung erfolgt \u00fcberwiegend zum Zwecke der Erf\u00fcllung der Pflichten Ihnen gegen\u00fcber. Im Einzelfall kann die \u00dcbermittlung von Daten an weitere berechtigte Empf\u00e4nger erfolgen.<\/p>\n<p align=\"JUSTIFY\">Ich bewahre Ihre personenbezogenen Daten nur solange auf, wie dies erforderlich ist, um Sie als Patient betreuen zu k\u00f6nnen.<\/p>\n<p align=\"JUSTIFY\">Sie haben das Recht, \u00fcber die Sie betreffenden personenbezogenen Daten Auskunft zu erhalten und k\u00f6nnen die Berichtigung unrichtiger Daten verlangen.<\/p>\n<p align=\"JUSTIFY\">Dar\u00fcber hinaus steht Ihnen unter bestimmten Voraussetzungen das Recht auf L\u00f6schung von Daten, das Recht auf Einschr\u00e4nkung der Datenverarbeitung sowie das Recht auf Daten\u00fcbertragbarkeit zu.<\/p>\n<p align=\"JUSTIFY\">Die Verarbeitung Ihrer Daten erfolgt auf Basis von gesetzlichen Regelungen. Nur in Ausnahmef\u00e4llen ben\u00f6tige ich Ihre Einwilligung hierzu. In diesen F\u00e4llen haben Sie das Recht, die Einwilligung f\u00fcr die zuk\u00fcnftige Verarbeitung zu widerrufen.<\/p>\n<p align=\"JUSTIFY\">Sie haben ferner das Recht, sich bei der zust\u00e4ndigen Aufsichtsbeh\u00f6rde f\u00fcr den Datenschutz zu beschweren, wenn Sie der Ansicht sind, dass die Verarbeitung Ihrer personenbezogenen Daten nicht rechtm\u00e4\u00dfig erfolgt. Zust\u00e4ndige Beh\u00f6rde ist:<\/p>\n<p align=\"CENTER\">Bayerisches Landesamt f\u00fcr Datenschutzaufsicht<\/p>\n<p align=\"CENTER\">Promenade 27 (Schloss)<\/p>\n<p align=\"CENTER\">91522 Ansbach<\/p>\n<p align=\"CENTER\">Deutschland<\/p>\n<p align=\"CENTER\">Telefon: + 49 (0) 981 53 1300<\/p>\n<p align=\"CENTER\">Fax: + 49 (0) 981 53 98 1300<\/p>\n<p align=\"CENTER\">E-Mail: poststelle@lda.bayern.de<\/p>\n<p align=\"JUSTIFY\">Rechtsgrundlage f\u00fcr die Verarbeitung Ihrer Daten ist Art. 6 Abs. 1 b DSGVO.<\/p>\n<p align=\"JUSTIFY\">Sollten Sie Fragen haben, k\u00f6nnen Sie sich gerne an uns wenden.<\/p>\n<div><span style=\"color: #08788e;\">1. Datenschutz auf einen Blick<\/span><\/div>\n<div>Allgemeine Hinweise<\/div>\n<div>Die folgenden Hinweise geben einen einfachen \u00dcberblick dar\u00fcber, was mit Ihren personenbezogenen Daten passiert, wenn Sie meine Website besuchen. Personenbezogene Daten sind alle Daten, mit denen Sie pers\u00f6nlich identifiziert werden k\u00f6nnen. Ausf\u00fchrliche Informationen zum Thema Datenschutz entnehmen Sie unserer unter diesem Text aufgef\u00fchrten Datenschutzerkl\u00e4rung.<\/div>\n<div>Datenerfassung auf unserer Website<\/div>\n<div><span class=\"fs16\" style=\"color: #08788e;\">Wer ist verantwortlich f\u00fcr die Datenerfassung auf dieser Website?<\/span><\/div>\n<div>Die Datenverarbeitung auf dieser Website erfolgt durch den Websitebetreiber. Dessen Kontaktdaten k\u00f6nnen Sie dem Impressum dieser Website entnehmen.<\/div>\n<div><span style=\"color: #08788e;\"><span class=\"fs16\">Wie erfassen wir Ihre Daten?<\/span><\/span><\/div>\n<div>Ihre Daten werden zum einen dadurch erhoben, dass Sie mir diese mitteilen. Hierbei kann es sich z.B. um Daten handeln, die Sie in ein Kontaktformular eingeben.<\/div>\n<div>Andere Daten werden automatisch beim Besuch der Website durch unsere IT-Systeme erfasst. Das sind vor allem technische Daten (z.B. Internetbrowser, Betriebssystem oder Uhrzeit des Seitenaufrufs). Die Erfassung dieser Daten erfolgt automatisch, sobald Sie unsere Website betreten.<\/div>\n<div><span style=\"color: #08788e;\"><span class=\"fs16\">Wof\u00fcr nutzen wir Ihre Daten?<\/span><\/span><\/div>\n<div>Ein Teil der Daten wird erhoben, um eine fehlerfreie Bereitstellung der Website zu gew\u00e4hrleisten. Andere Daten k\u00f6nnen zur Analyse Ihres Nutzerverhaltens verwendet werden.<\/div>\n<div><span class=\"fs16\" style=\"color: #08788e;\">Welche Rechte haben Sie bez\u00fcglich Ihrer Daten?<\/span><\/div>\n<div>Sie haben jederzeit das Recht unentgeltlich Auskunft \u00fcber Herkunft, Empf\u00e4nger und Zweck Ihrer gespeicherten personenbezogenen Daten zu erhalten. Sie haben au\u00dferdem ein Recht, die Berichtigung, Sperrung oder L\u00f6schung dieser Daten zu verlangen. Hierzu sowie zu weiteren Fragen zum Thema Datenschutz k\u00f6nnen Sie sich jederzeit unter der im Impressum angegebenen Adresse an uns wenden. Des Weiteren steht Ihnen ein Beschwerderecht bei der zust\u00e4ndigen Aufsichtsbeh\u00f6rde zu.<\/div>\n<div>Analyse-Tools und Tools von Drittanbietern<\/div>\n<div>Beim Besuch meiner Website kann Ihr Surf-Verhalten statistisch ausgewertet werden. Das geschieht vor allem mit Cookies (aktuell benutze ich keine) und mit sogenannten Analyseprogrammen. Die Analyse Ihres Surf-Verhaltens erfolgt in der Regel anonym; das Surf-Verhalten kann nicht zu Ihnen zur\u00fcckverfolgt werden. Sie k\u00f6nnen dieser Analyse widersprechen oder sie durch die Nichtbenutzung bestimmter Tools verhindern. Detaillierte Informationen dazu finden Sie in der folgenden Datenschutzerkl\u00e4rung.<\/div>\n<div>Sie k\u00f6nnen dieser Analyse widersprechen. \u00dcber die Widerspruchsm\u00f6glichkeiten werde ich Sie in dieser Datenschutzerkl\u00e4rung informieren.<\/div>\n<div><span style=\"color: #08788e;\">2. Allgemeine Hinweise und Pflichtinformationen<\/span><\/div>\n<div><span style=\"color: #08788e;\">Datenschutz<\/span><\/div>\n<div>Die Betreiber dieser Seiten nehmen den Schutz Ihrer pers\u00f6nlichen Daten sehr ernst. Wir behandeln Ihre personenbezogenen Daten vertraulich und entsprechend der gesetzlichen Datenschutzvorschriften sowie dieser Datenschutzerkl\u00e4rung.<\/div>\n<div>Wenn Sie diese Website benutzen, werden verschiedene personenbezogene Daten erhoben. Personenbezogene Daten sind Daten, mit denen Sie pers\u00f6nlich identifiziert werden k\u00f6nnen. Die vorliegende Datenschutzerkl\u00e4rung erl\u00e4utert, welche Daten wir erheben und wof\u00fcr wir sie nutzen. Sie erl\u00e4utert auch, wie und zu welchem Zweck das geschieht.<\/div>\n<div>Wir weisen darauf hin, dass die Daten\u00fcbertragung im Internet (z.B. bei der Kommunikation per E-Mail) Sicherheitsl\u00fccken aufweisen kann. Ein l\u00fcckenloser Schutz der Daten vor dem Zugriff durch Dritte ist nicht m\u00f6glich.<\/div>\n<div><span style=\"color: #08788e;\">Hinweis zur verantwortlichen Stelle<\/span><\/div>\n<div>Die verantwortliche Stelle f\u00fcr die Datenverarbeitung auf dieser Website ist:<\/div>\n<p>Iris Kirchfeld, \u00dcber der Glonn 17, 85238 Petershausen,<\/p>\n<p>015234187234, kontakt@praxis-kirchfeld.de<\/p>\n<div>Verantwortliche Stelle ist die nat\u00fcrliche oder juristische Person, die allein oder gemeinsam mit anderen \u00fcber die Zwecke und Mittel der Verarbeitung von personenbezogenen Daten (z.B. Namen, E-Mail-Adressen o. \u00c4.) entscheidet.<\/div>\n<div><span style=\"color: #08788e;\">Widerruf Ihrer Einwilligung zur Datenverarbeitung<\/span><\/div>\n<div>Viele Datenverarbeitungsvorg\u00e4nge sind nur mit Ihrer ausdr\u00fccklichen Einwilligung m\u00f6glich. Sie k\u00f6nnen eine bereits erteilte Einwilligung jederzeit widerrufen. Dazu reicht eine formlose Mitteilung per E-Mail an uns. Die Rechtm\u00e4\u00dfigkeit der bis zum Widerruf erfolgten Datenverarbeitung bleibt vom Widerruf unber\u00fchrt.<\/div>\n<div><span style=\"color: #08788e;\">Beschwerderecht bei der zust\u00e4ndigen Aufsichtsbeh\u00f6rde<\/span><\/div>\n<div>Im Falle datenschutzrechtlicher Verst\u00f6\u00dfe steht dem Betroffenen ein Beschwerderecht bei der zust\u00e4ndigen Aufsichtsbeh\u00f6rde zu. Zust\u00e4ndige Aufsichtsbeh\u00f6rde in datenschutzrechtlichen Fragen ist der Landesdatenschutzbeauftragte des Bundeslandes, in dem unser Unternehmen seinen Sitz hat. Eine Liste der Datenschutzbeauftragten sowie deren Kontaktdaten k\u00f6nnen folgendem Link entnommen werden: <span class=\"fs16 cf3\">https:\/\/www.bfdi.bund.de\/DE\/Infothek\/Anschriften_Links\/anschriften_links-node.html<\/span>.<\/div>\n<div>Recht auf Daten\u00fcbertragbarkeit<\/div>\n<div>Sie haben das Recht, Daten, die ich auf Grundlage Ihrer Einwilligung oder in Erf\u00fcllung eines Vertrags automatisiert verarbeiten, an sich oder an einen Dritten in einem g\u00e4ngigen, maschinenlesbaren Format aush\u00e4ndigen zu lassen. Sofern Sie die direkte \u00dcbertragung der Daten an einen anderen Verantwortlichen verlangen, erfolgt dies nur, soweit es technisch machbar ist.<\/div>\n<div>SSL- bzw. TLS-Verschl\u00fcsselung<\/div>\n<div>Diese Seite nutzt aus Sicherheitsgr\u00fcnden und zum Schutz der \u00dcbertragung vertraulicher Inhalte, wie zum Beispiel Bestellungen oder Anfragen, die Sie an uns als Seitenbetreiber senden, eine SSL-bzw. TLS-Verschl\u00fcsselung. Eine verschl\u00fcsselte Verbindung erkennen Sie daran, dass die Adresszeile des Browsers von \u201chttp:\/\/\u201d auf \u201chttps:\/\/\u201d wechselt und an dem Schloss-Symbol in Ihrer Browserzeile.<\/div>\n<div>Wenn die SSL- bzw. TLS-Verschl\u00fcsselung aktiviert ist, k\u00f6nnen die Daten, die Sie an uns \u00fcbermitteln, nicht von Dritten mitgelesen werden.<\/div>\n<div><span style=\"color: #08788e;\">Auskunft, Sperrung, L\u00f6schung<\/span><\/div>\n<div>Sie haben im Rahmen der geltenden gesetzlichen Bestimmungen jederzeit das Recht auf unentgeltliche Auskunft \u00fcber Ihre gespeicherten personenbezogenen Daten, deren Herkunft und Empf\u00e4nger und den Zweck der Datenverarbeitung und ggf. ein Recht auf Berichtigung, Sperrung oder L\u00f6schung dieser Daten. Hierzu sowie zu weiteren Fragen zum Thema personenbezogene Daten k\u00f6nnen Sie sich jederzeit unter der im Impressum angegebenen Adresse an uns wenden.<\/div>\n<div><span style=\"color: #07877e;\">Widerspruch gegen Werbe-Mails<\/span><\/div>\n<div>Der Nutzung von im Rahmen der Impressumspflicht ver\u00f6ffentlichten Kontaktdaten zur \u00dcbersendung von nicht ausdr\u00fccklich angeforderter Werbung und Informationsmaterialien wird hiermit widersprochen. Die Betreiber der Seiten behalten sich ausdr\u00fccklich rechtliche Schritte im Falle der unverlangten Zusendung von Werbeinformationen, etwa durch Spam-E-Mails, vor.<\/div>\n<div>\n<div>&nbsp;<\/div>\n<div><span style=\"color: #08788e;\"><span class=\"fs16\">Rechtsgrundlage<\/span><\/span><\/div>\n<\/div>\n<div>\n<div>Die Datenverarbeitung erfolgt auf Grundlage Ihrer Einwilligung (Art. 6 Abs. 1 lit. a DSGVO). Sie k\u00f6nnen diese Einwilligung jederzeit widerrufen. Die Rechtm\u00e4\u00dfigkeit der bereits erfolgten Datenverarbeitungsvorg\u00e4nge bleibt vom Widerruf unber\u00fchrt.<\/div>\n<\/div>\n<div>\n<p>&nbsp;Durch die Nutzung unserer Website erkl\u00e4ren Sie sich mit der Erhebung, Verarbeitung und Nutzung von Daten gem\u00e4\u00df der nachfolgenden Beschreibung einverstanden. Unsere Website kann grunds\u00e4tzlich ohne Registrierung besucht werden. Dabei werden Daten wie beispielsweise aufgerufene Seiten bzw. Namen der abgerufenen Datei, Datum und Uhrzeit zu statistischen Zwecken auf dem Server gespeichert, ohne dass diese Daten unmittelbar auf Ihre Person bezogen werden. Personenbezogene Daten, insbesondere Name, Adresse oder E-Mail-Adresse werden soweit m\u00f6glich auf freiwilliger Basis erhoben. Ohne Ihre Einwilligung erfolgt keine Weitergabe der Daten an Dritte.<\/p>\n<p>Quelle: <a href=\"https:\/\/www.anwalt.de\/vorlage\/muster-datenschutzerklaerung.php\">Muster-Datenschutzerkl\u00e4rung von anwalt.de<\/a><\/p>\n<\/div>","protected":false},"excerpt":{"rendered":"<p>Bitte gerne schon ausdrucken und mitbringen: Allgemeine Datenschutzerkl\u00e4rung Der Schutz Ihrer personenbezogenen Daten ist f\u00fcr mich sehr wichtig. Nach der DSGVO (EU-Datenschutz-Grundverordnung) bin ich verpflichtet, Sie dar\u00fcber zu informieren, zu welchem Zweck ich Daten erhebe, speicher, weiterleite oder sonst verarbeite. Der vorliegenden Information k\u00f6nnen Sie auch entnehmen, welche Rechte Sie im Bezug auf den Datenschutz [&hellip;]<\/p>\n","protected":false},"author":1,"featured_media":0,"parent":0,"menu_order":0,"comment_status":"closed","ping_status":"closed","template":"","meta":{"footnotes":""},"class_list":["post-505","page","type-page","status-publish","hentry"],"_links":{"self":[{"href":"https:\/\/www.praxis-kirchfeld.de\/index.php?rest_route=\/wp\/v2\/pages\/505","targetHints":{"allow":["GET"]}}],"collection":[{"href":"https:\/\/www.praxis-kirchfeld.de\/index.php?rest_route=\/wp\/v2\/pages"}],"about":[{"href":"https:\/\/www.praxis-kirchfeld.de\/index.php?rest_route=\/wp\/v2\/types\/page"}],"author":[{"embeddable":true,"href":"https:\/\/www.praxis-kirchfeld.de\/index.php?rest_route=\/wp\/v2\/users\/1"}],"replies":[{"embeddable":true,"href":"https:\/\/www.praxis-kirchfeld.de\/index.php?rest_route=%2Fwp%2Fv2%2Fcomments&post=505"}],"version-history":[{"count":16,"href":"https:\/\/www.praxis-kirchfeld.de\/index.php?rest_route=\/wp\/v2\/pages\/505\/revisions"}],"predecessor-version":[{"id":883,"href":"https:\/\/www.praxis-kirchfeld.de\/index.php?rest_route=\/wp\/v2\/pages\/505\/revisions\/883"}],"wp:attachment":[{"href":"https:\/\/www.praxis-kirchfeld.de\/index.php?rest_route=%2Fwp%2Fv2%2Fmedia&parent=505"}],"curies":[{"name":"wp","href":"https:\/\/api.w.org\/{rel}","templated":true}]}}