{"id":35,"date":"2013-10-28T08:34:19","date_gmt":"2013-10-28T06:34:19","guid":{"rendered":"http:\/\/www.praxis-kirchfeld.de\/wordpress\/?page_id=35"},"modified":"2022-03-16T14:10:24","modified_gmt":"2022-03-16T12:10:24","slug":"impressum-2","status":"publish","type":"page","link":"https:\/\/www.praxis-kirchfeld.de\/?page_id=35","title":{"rendered":"Impressum"},"content":{"rendered":"<p><span style=\"color: #08788e;\">Verantwortlich f\u00fcr den Inhalt gem\u00e4\u00df \u00a710 Absatz 3 MDStV und Angaben gem\u00e4\u00df \u00a7 5 TMG:<\/span><br \/>\nIris Kirchfeld<br \/>\nJetzendorferstr. 4<br \/>\n85238 Petershausen<\/p>\n<p>Telefon 0176 47122222<br \/>\nkontakt@praxis-kirchfeld.de<br \/>\nwww.praxis-kirchfeld.de<br \/>\nwww.praxis-kirchfeld.de \u00e4ndern<\/p>\n<p><span style=\"color: #08788e;\">Berufsbezeichnung:<\/span> Heilpraktikerin<br \/>\nErlaubnis zur Aus\u00fcbung der Heilkunde ohne Bestallung durch das\u00a0Landratsamt Augsburg, ausgestellt vom Landratsamt Aichach.<br \/>\n<span style=\"color: #08788e;\">Zust\u00e4ndige Aufsichtsbeh\u00f6rden:<\/span><\/p>\n<p>Gesundheitsamt Dachau, Krankenhausstra\u00dfe 22, 85221 Dachau.<\/p>\n<p>Gesundheitsamt Aichach-Friedberg, M\u00fcnchener Str. 9, 86551 Aichach<\/p>\n<p><span style=\"color: #08788e;\">Rechtsgrundlagen:<\/span><br \/>\nGesetz \u00fcber die berufsm\u00e4\u00dfige Aus\u00fcbung der Heilkunde ohne Bestallung (Heilpraktikergesetz, BGBl. III 2122-2).<br \/>\nNachzulesen unter: http:\/\/www.gesetze-im-internet.de\/heilprg\/index.html<br \/>\n<span style=\"color: #08788e;\">Umsatzsteuer-Identifikationsnummer:<\/span><br \/>\nBefreit von der Umsatzsteuer gem\u00e4\u00df \u00a74 UStG<br \/>\n<span style=\"color: #08788e;\">Steuernummer:<\/span> 107\/236\/20029<\/p>\n<p><span style=\"color: #08788e;\">Angaben zur Berufshaftpflichtversicherung:<\/span><br \/>\nContinentale<br \/>\nRuhrallee 92<br \/>\n44139 Dortmund<\/p>\n<p>Trotz sorgf\u00e4ltiger inhaltlicher Kontrolle \u00fcbernimmt der Autor keine Haftung f\u00fcr die Inhalte externer Links. F\u00fcr den Inhalt der verlinkten Seiten sind ausschlie\u00dflich deren Betreiber verantwortlich.<br \/>\nDie Nutzung jeglicher Art von Information, die der Autor auf diesen Internetseiten zur Verf\u00fcgung stellt, erfolgt auf eigene Gefahr. Sie ersetzt in keiner Weise den Besuch eines\/r geeigneten Therapeuten\/in. Es wird empfohlen, vor dem therapeutischem Gebrauch der Informationen\u00a0die individuelle Eignung der jeweiligen Ma\u00dfnahme\/n von einem\/r ausgebildeten Therapeuten\/in \u00fcberpr\u00fcfen zu lassen.<br \/>\nDer Autor \u00fcbernimmt keinerlei Gew\u00e4hr f\u00fcr die Richtigkeit, Aktualit\u00e4t und Vollst\u00e4ndigkeit der auf diesen Seiten ver\u00f6ffentlichten Informationen. Eventuelle sich daraus ergebende Anspr\u00fcche jeglicher Art sind ausgeschlossen.<br \/>\nDer Autor beh\u00e4lt sich das Recht vor, den Inhalt der Internetseiten jederzeit zu \u00e4ndern bzw. Teile der Seiten oder das gesamte Angebot ohne gesonderte Ank\u00fcndigung zu ver\u00e4ndern, zu erg\u00e4nzen, zu l\u00f6schen oder die Ver\u00f6ffentlichung zeitweise oder endg\u00fcltig einzustellen.<br \/>\nAlle Elemente dieser Internetpr\u00e4sentation sind urheberrechtlich gesch\u00fctzt und d\u00fcrfen nicht ohne vorherige schriftliche Genehmigung weiterverwendet werden. F\u00fcr Fehler im Text oder falsche Links wird keine Haftung \u00fcbernommen. Alle Rechte vorbehalten.<\/p>\n<p><span style=\"color: #08788e;\">Hinweise f\u00fcr Abmahnungsversuche:<\/span><br \/>\nKeine Abmahnung ohne vorherigen Kontakt.<br \/>\nSollte der Inhalt oder die Aufmachung dieser Seiten fremde Rechte Dritter oder gesetzliche Bestimmungen verletzen, so bitten wir um eine entsprechende Nachricht ohne Kostennote. Wir garantieren, dass die zu Recht beanstandeten Passagen unverz\u00fcglich entfernt werden, ohne dass von Ihrer Seite die Einschaltung eines Rechtsbeistandes erforderlich ist. Die Einschaltung eines Anwaltes zur f\u00fcr den Dienstanbieter kostenpflichtigen Abmahnung entspricht nicht dessen wirklichen oder mutma\u00dflichen Willen und w\u00fcrde damit einen Versto\u00df gegen \u00a7 13 Abs. 5 UWG wegen der Verfolgung sachfremder Ziele als beherrschendes Motiv der Verfahrenseinleitung, insbesondere einer Kostenerzielungsabsicht als eigentliche Triebfeder, sowie einen Versto\u00df gegen die Schadensminderungspflicht darstellen. Wird dennoch von Ihnen ohne vorherige Kontaktaufnahme ein Rechtsbeistand eingeschaltet, werden wir die ausgel\u00f6ste Kosten vollumf\u00e4nglich zur\u00fcckweisen und gegebenenfalls Gegenklage wegen Verletzung vorgenannter Bestimmungen einreichen.<\/p>\n<div><\/div>\n","protected":false},"excerpt":{"rendered":"<p>Verantwortlich f\u00fcr den Inhalt gem\u00e4\u00df \u00a710 Absatz 3 MDStV und Angaben gem\u00e4\u00df \u00a7 5 TMG: Iris Kirchfeld Jetzendorferstr. 4 85238 Petershausen Telefon 0176 47122222 kontakt@praxis-kirchfeld.de www.praxis-kirchfeld.de www.praxis-kirchfeld.de \u00e4ndern Berufsbezeichnung: Heilpraktikerin Erlaubnis zur Aus\u00fcbung der Heilkunde ohne Bestallung durch das\u00a0Landratsamt Augsburg, ausgestellt vom Landratsamt Aichach. Zust\u00e4ndige Aufsichtsbeh\u00f6rden: Gesundheitsamt Dachau, Krankenhausstra\u00dfe 22, 85221 Dachau. Gesundheitsamt Aichach-Friedberg, M\u00fcnchener [&hellip;]<\/p>\n","protected":false},"author":1,"featured_media":0,"parent":0,"menu_order":0,"comment_status":"closed","ping_status":"closed","template":"","meta":{"footnotes":""},"class_list":["post-35","page","type-page","status-publish","hentry"],"_links":{"self":[{"href":"https:\/\/www.praxis-kirchfeld.de\/index.php?rest_route=\/wp\/v2\/pages\/35","targetHints":{"allow":["GET"]}}],"collection":[{"href":"https:\/\/www.praxis-kirchfeld.de\/index.php?rest_route=\/wp\/v2\/pages"}],"about":[{"href":"https:\/\/www.praxis-kirchfeld.de\/index.php?rest_route=\/wp\/v2\/types\/page"}],"author":[{"embeddable":true,"href":"https:\/\/www.praxis-kirchfeld.de\/index.php?rest_route=\/wp\/v2\/users\/1"}],"replies":[{"embeddable":true,"href":"https:\/\/www.praxis-kirchfeld.de\/index.php?rest_route=%2Fwp%2Fv2%2Fcomments&post=35"}],"version-history":[{"count":26,"href":"https:\/\/www.praxis-kirchfeld.de\/index.php?rest_route=\/wp\/v2\/pages\/35\/revisions"}],"predecessor-version":[{"id":986,"href":"https:\/\/www.praxis-kirchfeld.de\/index.php?rest_route=\/wp\/v2\/pages\/35\/revisions\/986"}],"wp:attachment":[{"href":"https:\/\/www.praxis-kirchfeld.de\/index.php?rest_route=%2Fwp%2Fv2%2Fmedia&parent=35"}],"curies":[{"name":"wp","href":"https:\/\/api.w.org\/{rel}","templated":true}]}}