{"id":251,"date":"2016-11-08T09:29:25","date_gmt":"2016-11-08T07:29:25","guid":{"rendered":"http:\/\/www.praxis-kirchfeld.de\/?page_id=251"},"modified":"2026-04-07T12:26:44","modified_gmt":"2026-04-07T10:26:44","slug":"ueber-mich","status":"publish","type":"page","link":"https:\/\/www.praxis-kirchfeld.de\/?page_id=251","title":{"rendered":"\u00dcber mich"},"content":{"rendered":"<div class=\"wp-block-image\">\n<figure class=\"alignleft size-large is-resized\"><a href=\"http:\/\/www.praxis-kirchfeld.de\/wp-content\/uploads\/2025\/01\/Kein-Titel-Instagram-Post.png\"><img loading=\"lazy\" decoding=\"async\" width=\"1024\" height=\"1024\" src=\"http:\/\/www.praxis-kirchfeld.de\/wp-content\/uploads\/2025\/01\/Kein-Titel-Instagram-Post-1024x1024.png\" alt=\"\" class=\"wp-image-1509\" style=\"width:217px;height:auto\" srcset=\"https:\/\/www.praxis-kirchfeld.de\/wp-content\/uploads\/2025\/01\/Kein-Titel-Instagram-Post-1024x1024.png 1024w, https:\/\/www.praxis-kirchfeld.de\/wp-content\/uploads\/2025\/01\/Kein-Titel-Instagram-Post-300x300.png 300w, https:\/\/www.praxis-kirchfeld.de\/wp-content\/uploads\/2025\/01\/Kein-Titel-Instagram-Post-150x150.png 150w, https:\/\/www.praxis-kirchfeld.de\/wp-content\/uploads\/2025\/01\/Kein-Titel-Instagram-Post-768x768.png 768w, https:\/\/www.praxis-kirchfeld.de\/wp-content\/uploads\/2025\/01\/Kein-Titel-Instagram-Post-800x800.png 800w, https:\/\/www.praxis-kirchfeld.de\/wp-content\/uploads\/2025\/01\/Kein-Titel-Instagram-Post.png 1080w\" sizes=\"auto, (max-width: 1024px) 100vw, 1024px\" \/><\/a><\/figure>\n<\/div>\n\n\n<p>Mein Name ist Iris Kirchfeld, ich wurde 1977 in NRW geboren und lebe seit 2001 in Bayern. Ich bin verheiratet und Mutter von 4 Kindern (1997-2004). Massagen interessieren mich schon l\u00e4nger, bereits mit 16 Jahren machte ich einen Kurs zur Fu\u00dfreflexzonenmassage, damals aber noch ohne berufliches Interesse. Die Schwangerschaften und Geburten zeigten mir wie wohltuend eine entspannende Massage \u00a0und wie hilfreich ein gelockerter R\u00fccken im Alltag ist. Durch meine Freundin Yu-Mei Lin kam ich zu einer Lehrerin der The Union of Thai Traditional Medicine Society und konnte dort mit meiner Ausbildung beginnen. Im Anschluss daran arbeitete ich die erste Zeit mit Yu-Mei zusammen, machte mich dann aber schnell mit der Mobilen Massage f\u00fcr Mamas selbst\u00e4ndig.  Seitdem bilde ich mich kontinuierlich fort und freue mich \u00fcber Anregungen meiner Patientinnen. Besonders froh bin ich \u00fcber mein Angebot der\u00a0\u00a0Schwangerschaftsbehandlungen- hier sind Entspannung und Linderung der Beschwerden besonders sch\u00f6n. Mittlerweile arbeite ich nur noch in der <a href=\"https:\/\/hebamme-boehm.de\/\">Hebammenkooperation &#8222;Raum 4&#8220;<\/a> von Susanne B\u00f6hm. Ende 2016 beendete ich die Ausbildung in der Bowentherapie, einer sanften Faszientechnik.\u00a0 2017 habe ich die Erlaubnis zur Aus\u00fcbung der Heilkunde verliehen bekommen, darf mich also jetzt auch Heilpraktikerin nennen.\u00a0 Weitere Qualifikationen sind im Folgenden aufgelistet.<\/p>\n\n\n\n<p><span style=\"text-decoration: underline;\">Vita<\/span><\/p>\n\n\n\n<p>1977 geboren in NRW<\/p>\n\n\n\n<p>1996 Abitur am Gymnasium Maria K\u00f6nigin<\/p>\n\n\n\n<p>1997 -2000 Ausbildung zur Buchh\u00e4ndlerin<\/p>\n\n\n\n<p>2013 Abschluss Wellnessmassagetherapie (Aromatherapie), The Union of Thai Traditional Medicine&nbsp;&nbsp;&nbsp;&nbsp; Society-Wilairat H\u00f6ss<\/p>\n\n\n\n<p>2013 Fu\u00dfreflexmassage, Ausbildung&nbsp;nach Hanne Marquardt, Ursula Xylander in M\u00fcnchen<\/p>\n\n\n\n<p>2014 Beginn der Heilpraktikerausbildung am Zentrum f\u00fcr Naturheilkunde, M\u00fcnchen<\/p>\n\n\n\n<p>2015 Schwangerschaftsmassage,&nbsp;Institut f\u00fcr Perinatale Massage -Mothers Delite, D\u00fclmen<\/p>\n\n\n\n<p>2015 Start der Osteopathie-Ausbildung nach Frank Lowen, M\u00fcnchen &amp; Kronach<\/p>\n\n\n\n<p>2016 R.E.S.E.T. Ausbildung, M\u00fcnchen<\/p>\n\n\n\n<p>2016 Bowen-Therapie Ausbildung, DZBT am Ammersee<\/p>\n\n\n\n<p>2017 Heilpraktikerin (Heilpraktiker-Pr\u00fcfung Fr\u00fchjahr 2017)<\/p>\n\n\n\n<p>2017 \u00d6l-Eiwei\u00dfkost nach Dr. Johanna Budwig<\/p>\n\n\n\n<p>2018 AC 1- Seminar, ISBT\u00ae-Bowen Therapie, M\u00fcnchen<\/p>\n\n\n\n<p>2018 AC 2- Seminar, ISBT\u00ae-Bowen Therapie, Idstein<\/p>\n\n\n\n<p>2018 Pr\u00fcfung Degree I, Microkinesitherapie, M\u00fcnchen<\/p>\n\n\n\n<p>2020 Beginn Seminarreihe zur Irisdiagnose<\/p>\n\n\n\n<p>2020 Hypnoseausbildung bei A.Hartmann, System 23<\/p>\n\n\n\n<p>2020 Fachausbildung Antlitzdiagnostik nach Dr. Sch\u00fc\u00dfler, Graz<\/p>\n\n\n\n<p>2021 Pr\u00fcfung Degree II, Microkinesitherapie, M\u00fcnchen<\/p>\n\n\n\n<p>2022 Holistsische Human Design Ausbildung<\/p>\n\n\n\n<p>         Humandesign-Masterclass, Stephanie L\u00f6ber<\/p>\n\n\n\n<p>         Variablen-Masterclass, Sabrina Feth<\/p>\n\n\n\n<p>         Family-Masterclass, Patricia Menardi<\/p>\n\n\n\n<p>2022 ThetaHealing\u00ae Ausbildung, M\u00fcnchen, Nadja Kellermann<\/p>\n\n\n\n<p>         DNA 1&amp;2, Dig Deeper<\/p>\n\n\n\n<p>2023 Schaltkreise im Humandesign, Patricia Menardi<\/p>\n\n\n\n<p>&nbsp;&nbsp;&nbsp;&nbsp;&nbsp;&nbsp;&nbsp;&nbsp; Liebe &amp; Sex im Humandesign, Patricia Menardi<\/p>\n\n\n\n<p>2023 ThetaHealing\u00ae Ausbildung, M\u00fcnchen, Nadja Kellermann<\/p>\n\n\n\n<p>&nbsp;&nbsp;&nbsp;&nbsp;&nbsp;&nbsp;&nbsp;&nbsp; Du und der Sch\u00f6pfer<\/p>\n\n\n\n<p>2024 Wiederholung der NP Kurse Microkinesi<\/p>\n\n\n\n<p>2025 Aromatherapie-Seminare bei Wadi in Eching (Hausapotheke, Entspanung, Verbrennungen, Wickeln, <\/p>\n\n\n\n<p>        Kompressen, &#8230;)<\/p>\n\n\n\n<p>2026 Aromatherapie-Seminare bei Wadi in Eching<\/p>\n\n\n\n<p>         An Mo (Micromassage auf Akupressurpinkten mit \u00e4therischen \u00d6len), Reiseapotheke<\/p>\n\n\n\n<p>Seit Beendigung der Microkinesi Ausbildung regelm\u00e4\u00dfige Wiederholung von Kursen um auf dem aktuellen Stand der Forschung zu bleiben<\/p>\n\n\n\n<h1 class=\"wp-block-heading\"><\/h1>\n\n\n\n<p><\/p>\n","protected":false},"excerpt":{"rendered":"<p>Mein Name ist Iris Kirchfeld, ich wurde 1977 in NRW geboren und lebe seit 2001 in Bayern. Ich bin verheiratet und Mutter von 4 Kindern (1997-2004). Massagen interessieren mich schon l\u00e4nger, bereits mit 16 Jahren machte ich einen Kurs zur Fu\u00dfreflexzonenmassage, damals aber noch ohne berufliches Interesse. Die Schwangerschaften und Geburten zeigten mir wie wohltuend [&hellip;]<\/p>\n","protected":false},"author":1,"featured_media":0,"parent":0,"menu_order":0,"comment_status":"closed","ping_status":"closed","template":"","meta":{"footnotes":""},"class_list":["post-251","page","type-page","status-publish","hentry"],"_links":{"self":[{"href":"https:\/\/www.praxis-kirchfeld.de\/index.php?rest_route=\/wp\/v2\/pages\/251","targetHints":{"allow":["GET"]}}],"collection":[{"href":"https:\/\/www.praxis-kirchfeld.de\/index.php?rest_route=\/wp\/v2\/pages"}],"about":[{"href":"https:\/\/www.praxis-kirchfeld.de\/index.php?rest_route=\/wp\/v2\/types\/page"}],"author":[{"embeddable":true,"href":"https:\/\/www.praxis-kirchfeld.de\/index.php?rest_route=\/wp\/v2\/users\/1"}],"replies":[{"embeddable":true,"href":"https:\/\/www.praxis-kirchfeld.de\/index.php?rest_route=%2Fwp%2Fv2%2Fcomments&post=251"}],"version-history":[{"count":52,"href":"https:\/\/www.praxis-kirchfeld.de\/index.php?rest_route=\/wp\/v2\/pages\/251\/revisions"}],"predecessor-version":[{"id":1587,"href":"https:\/\/www.praxis-kirchfeld.de\/index.php?rest_route=\/wp\/v2\/pages\/251\/revisions\/1587"}],"wp:attachment":[{"href":"https:\/\/www.praxis-kirchfeld.de\/index.php?rest_route=%2Fwp%2Fv2%2Fmedia&parent=251"}],"curies":[{"name":"wp","href":"https:\/\/api.w.org\/{rel}","templated":true}]}}